{"id":105,"date":"2021-05-25T22:04:30","date_gmt":"2021-05-25T22:04:30","guid":{"rendered":"http:\/\/www.hondurasensusmanos.com\/pintandohonduras\/?page_id=105"},"modified":"2021-06-22T05:04:14","modified_gmt":"2021-06-22T05:04:14","slug":"obaldo-s","status":"publish","type":"page","link":"http:\/\/www.hondurasensusmanos.com\/pintandohonduras\/obaldo-s\/","title":{"rendered":"Obaldo S."},"content":{"rendered":"\n<figure class=\"wp-block-gallery columns-2 is-cropped wp-block-gallery-1 is-layout-flex wp-block-gallery-is-layout-flex\"><ul class=\"blocks-gallery-grid\"><li class=\"blocks-gallery-item\"><figure><img loading=\"lazy\" decoding=\"async\" width=\"500\" height=\"482\" src=\"https:\/\/i0.wp.com\/www.hondurasensusmanos.com\/pintandohonduras\/wp-content\/uploads\/2021\/06\/cisnestrujillocolon.jpg?resize=500%2C482\" alt=\"\" data-id=\"268\" data-full-url=\"https:\/\/i0.wp.com\/www.hondurasensusmanos.com\/pintandohonduras\/wp-content\/uploads\/2021\/06\/cisnestrujillocolon.jpg?resize=500%2C482\" data-link=\"http:\/\/www.hondurasensusmanos.com\/pintandohonduras\/obaldo-s\/cisnestrujillocolon\/\" class=\"wp-image-268\" srcset=\"https:\/\/i0.wp.com\/www.hondurasensusmanos.com\/pintandohonduras\/wp-content\/uploads\/2021\/06\/cisnestrujillocolon.jpg?w=500 500w, https:\/\/i0.wp.com\/www.hondurasensusmanos.com\/pintandohonduras\/wp-content\/uploads\/2021\/06\/cisnestrujillocolon.jpg?resize=300%2C289 300w\" sizes=\"(max-width: 500px) 100vw, 500px\" data-recalc-dims=\"1\" \/><\/figure><\/li><li class=\"blocks-gallery-item\"><figure><img loading=\"lazy\" decoding=\"async\" width=\"500\" height=\"453\" src=\"https:\/\/i0.wp.com\/www.hondurasensusmanos.com\/pintandohonduras\/wp-content\/uploads\/2021\/06\/fortalezatrujillo.jpg?resize=500%2C453\" alt=\"\" data-id=\"269\" data-full-url=\"https:\/\/i0.wp.com\/www.hondurasensusmanos.com\/pintandohonduras\/wp-content\/uploads\/2021\/06\/fortalezatrujillo.jpg?resize=500%2C453\" data-link=\"http:\/\/www.hondurasensusmanos.com\/pintandohonduras\/obaldo-s\/fortalezatrujillo\/\" class=\"wp-image-269\" srcset=\"https:\/\/i0.wp.com\/www.hondurasensusmanos.com\/pintandohonduras\/wp-content\/uploads\/2021\/06\/fortalezatrujillo.jpg?w=500 500w, https:\/\/i0.wp.com\/www.hondurasensusmanos.com\/pintandohonduras\/wp-content\/uploads\/2021\/06\/fortalezatrujillo.jpg?resize=300%2C272 300w\" sizes=\"(max-width: 500px) 100vw, 500px\" data-recalc-dims=\"1\" \/><\/figure><\/li><\/ul><\/figure>\n","protected":false},"excerpt":{"rendered":"","protected":false},"author":1,"featured_media":0,"parent":0,"menu_order":0,"comment_status":"closed","ping_status":"closed","template":"","meta":{"footnotes":""},"class_list":["post-105","page","type-page","status-publish","hentry"],"jetpack-related-posts":[{"id":18,"url":"http:\/\/www.hondurasensusmanos.com\/pintandohonduras\/","url_meta":{"origin":105,"position":0},"title":"Inicio","date":"25 mayo, 2021","format":false,"excerpt":"Bienvenidos a Pintando Honduras En Tela. Departamento de Atl\u00e1ntida y en nuestras oficinas ubicadas en la Residencial Porto Bello, Bloque \u201cL\u201d casa numero 4 se encuentran exhibidas las pinturas que se muestran dentro de esta p\u00e1gina www.pintandohonduras.es.tl y que se vinculan directamente a mi p\u00e1gina principal www.mickyandoniehn.com. La mayor\u00eda de\u2026","rel":"","context":"Entrada similar ","img":{"alt_text":"","src":"","width":0,"height":0},"classes":[]}],"_links":{"self":[{"href":"http:\/\/www.hondurasensusmanos.com\/pintandohonduras\/wp-json\/wp\/v2\/pages\/105"}],"collection":[{"href":"http:\/\/www.hondurasensusmanos.com\/pintandohonduras\/wp-json\/wp\/v2\/pages"}],"about":[{"href":"http:\/\/www.hondurasensusmanos.com\/pintandohonduras\/wp-json\/wp\/v2\/types\/page"}],"author":[{"embeddable":true,"href":"http:\/\/www.hondurasensusmanos.com\/pintandohonduras\/wp-json\/wp\/v2\/users\/1"}],"replies":[{"embeddable":true,"href":"http:\/\/www.hondurasensusmanos.com\/pintandohonduras\/wp-json\/wp\/v2\/comments?post=105"}],"version-history":[{"count":2,"href":"http:\/\/www.hondurasensusmanos.com\/pintandohonduras\/wp-json\/wp\/v2\/pages\/105\/revisions"}],"predecessor-version":[{"id":270,"href":"http:\/\/www.hondurasensusmanos.com\/pintandohonduras\/wp-json\/wp\/v2\/pages\/105\/revisions\/270"}],"wp:attachment":[{"href":"http:\/\/www.hondurasensusmanos.com\/pintandohonduras\/wp-json\/wp\/v2\/media?parent=105"}],"curies":[{"name":"wp","href":"https:\/\/api.w.org\/{rel}","templated":true}]}}