{"id":353,"date":"2021-06-22T06:56:05","date_gmt":"2021-06-22T06:56:05","guid":{"rendered":"http:\/\/www.hondurasensusmanos.com\/pintandohonduras\/?page_id=353"},"modified":"2021-06-22T06:56:06","modified_gmt":"2021-06-22T06:56:06","slug":"atlantida","status":"publish","type":"page","link":"http:\/\/www.hondurasensusmanos.com\/pintandohonduras\/atlantida\/","title":{"rendered":"Atl\u00e1ntida"},"content":{"rendered":"\n<figure class=\"wp-block-gallery columns-3 is-cropped wp-block-gallery-1 is-layout-flex wp-block-gallery-is-layout-flex\"><ul class=\"blocks-gallery-grid\"><li class=\"blocks-gallery-item\"><figure><img loading=\"lazy\" decoding=\"async\" width=\"400\" height=\"301\" src=\"https:\/\/i0.wp.com\/www.hondurasensusmanos.com\/pintandohonduras\/wp-content\/uploads\/2021\/06\/carret-mig-tren-kg-04.jpg?resize=400%2C301\" alt=\"\" data-id=\"354\" data-full-url=\"https:\/\/i0.wp.com\/www.hondurasensusmanos.com\/pintandohonduras\/wp-content\/uploads\/2021\/06\/carret-mig-tren-kg-04.jpg?resize=400%2C301\" data-link=\"http:\/\/www.hondurasensusmanos.com\/pintandohonduras\/?attachment_id=354\" class=\"wp-image-354\" srcset=\"https:\/\/i0.wp.com\/www.hondurasensusmanos.com\/pintandohonduras\/wp-content\/uploads\/2021\/06\/carret-mig-tren-kg-04.jpg?w=400 400w, https:\/\/i0.wp.com\/www.hondurasensusmanos.com\/pintandohonduras\/wp-content\/uploads\/2021\/06\/carret-mig-tren-kg-04.jpg?resize=300%2C226 300w\" sizes=\"(max-width: 400px) 100vw, 400px\" data-recalc-dims=\"1\" \/><\/figure><\/li><li class=\"blocks-gallery-item\"><figure><img loading=\"lazy\" decoding=\"async\" width=\"227\" height=\"209\" src=\"https:\/\/i0.wp.com\/www.hondurasensusmanos.com\/pintandohonduras\/wp-content\/uploads\/2021\/06\/champa-ensen-g-alvar-06.jpg?resize=227%2C209\" alt=\"\" data-id=\"355\" data-full-url=\"https:\/\/i0.wp.com\/www.hondurasensusmanos.com\/pintandohonduras\/wp-content\/uploads\/2021\/06\/champa-ensen-g-alvar-06.jpg?resize=227%2C209\" data-link=\"http:\/\/www.hondurasensusmanos.com\/pintandohonduras\/?attachment_id=355\" class=\"wp-image-355\" data-recalc-dims=\"1\"\/><\/figure><\/li><li class=\"blocks-gallery-item\"><figure><img loading=\"lazy\" decoding=\"async\" width=\"400\" height=\"315\" src=\"https:\/\/i0.wp.com\/www.hondurasensusmanos.com\/pintandohonduras\/wp-content\/uploads\/2021\/06\/karen-g-4.jpg?resize=400%2C315\" alt=\"\" data-id=\"356\" data-full-url=\"https:\/\/i0.wp.com\/www.hondurasensusmanos.com\/pintandohonduras\/wp-content\/uploads\/2021\/06\/karen-g-4.jpg?resize=400%2C315\" data-link=\"http:\/\/www.hondurasensusmanos.com\/pintandohonduras\/?attachment_id=356\" class=\"wp-image-356\" srcset=\"https:\/\/i0.wp.com\/www.hondurasensusmanos.com\/pintandohonduras\/wp-content\/uploads\/2021\/06\/karen-g-4.jpg?w=400 400w, https:\/\/i0.wp.com\/www.hondurasensusmanos.com\/pintandohonduras\/wp-content\/uploads\/2021\/06\/karen-g-4.jpg?resize=300%2C236 300w\" sizes=\"(max-width: 400px) 100vw, 400px\" data-recalc-dims=\"1\" \/><\/figure><\/li><li class=\"blocks-gallery-item\"><figure><img loading=\"lazy\" decoding=\"async\" width=\"400\" height=\"366\" src=\"https:\/\/i0.wp.com\/www.hondurasensusmanos.com\/pintandohonduras\/wp-content\/uploads\/2021\/06\/mang-cafe-tela-escribano.jpg?resize=400%2C366\" alt=\"\" data-id=\"357\" data-full-url=\"https:\/\/i0.wp.com\/www.hondurasensusmanos.com\/pintandohonduras\/wp-content\/uploads\/2021\/06\/mang-cafe-tela-escribano.jpg?resize=400%2C366\" data-link=\"http:\/\/www.hondurasensusmanos.com\/pintandohonduras\/?attachment_id=357\" class=\"wp-image-357\" srcset=\"https:\/\/i0.wp.com\/www.hondurasensusmanos.com\/pintandohonduras\/wp-content\/uploads\/2021\/06\/mang-cafe-tela-escribano.jpg?w=400 400w, https:\/\/i0.wp.com\/www.hondurasensusmanos.com\/pintandohonduras\/wp-content\/uploads\/2021\/06\/mang-cafe-tela-escribano.jpg?resize=300%2C275 300w\" sizes=\"(max-width: 400px) 100vw, 400px\" data-recalc-dims=\"1\" \/><\/figure><\/li><li class=\"blocks-gallery-item\"><figure><img loading=\"lazy\" decoding=\"async\" width=\"400\" height=\"313\" src=\"https:\/\/i0.wp.com\/www.hondurasensusmanos.com\/pintandohonduras\/wp-content\/uploads\/2021\/06\/muell-6ba-karen-g-04.jpg?resize=400%2C313\" alt=\"\" data-id=\"358\" data-full-url=\"https:\/\/i0.wp.com\/www.hondurasensusmanos.com\/pintandohonduras\/wp-content\/uploads\/2021\/06\/muell-6ba-karen-g-04.jpg?resize=400%2C313\" data-link=\"http:\/\/www.hondurasensusmanos.com\/pintandohonduras\/?attachment_id=358\" class=\"wp-image-358\" srcset=\"https:\/\/i0.wp.com\/www.hondurasensusmanos.com\/pintandohonduras\/wp-content\/uploads\/2021\/06\/muell-6ba-karen-g-04.jpg?w=400 400w, https:\/\/i0.wp.com\/www.hondurasensusmanos.com\/pintandohonduras\/wp-content\/uploads\/2021\/06\/muell-6ba-karen-g-04.jpg?resize=300%2C235 300w\" sizes=\"(max-width: 400px) 100vw, 400px\" data-recalc-dims=\"1\" \/><\/figure><\/li><li class=\"blocks-gallery-item\"><figure><img loading=\"lazy\" decoding=\"async\" width=\"400\" height=\"366\" src=\"https:\/\/i0.wp.com\/www.hondurasensusmanos.com\/pintandohonduras\/wp-content\/uploads\/2021\/06\/muell-tela-escribano.jpg?resize=400%2C366\" alt=\"\" data-id=\"359\" data-full-url=\"https:\/\/i0.wp.com\/www.hondurasensusmanos.com\/pintandohonduras\/wp-content\/uploads\/2021\/06\/muell-tela-escribano.jpg?resize=400%2C366\" data-link=\"http:\/\/www.hondurasensusmanos.com\/pintandohonduras\/?attachment_id=359\" class=\"wp-image-359\" srcset=\"https:\/\/i0.wp.com\/www.hondurasensusmanos.com\/pintandohonduras\/wp-content\/uploads\/2021\/06\/muell-tela-escribano.jpg?w=400 400w, https:\/\/i0.wp.com\/www.hondurasensusmanos.com\/pintandohonduras\/wp-content\/uploads\/2021\/06\/muell-tela-escribano.jpg?resize=300%2C275 300w\" sizes=\"(max-width: 400px) 100vw, 400px\" data-recalc-dims=\"1\" \/><\/figure><\/li><\/ul><\/figure>\n","protected":false},"excerpt":{"rendered":"","protected":false},"author":1,"featured_media":0,"parent":0,"menu_order":0,"comment_status":"closed","ping_status":"closed","template":"","meta":{"footnotes":""},"class_list":["post-353","page","type-page","status-publish","hentry"],"jetpack-related-posts":[{"id":18,"url":"http:\/\/www.hondurasensusmanos.com\/pintandohonduras\/","url_meta":{"origin":353,"position":0},"title":"Inicio","date":"25 mayo, 2021","format":false,"excerpt":"Bienvenidos a Pintando Honduras En Tela. Departamento de Atl\u00e1ntida y en nuestras oficinas ubicadas en la Residencial Porto Bello, Bloque \u201cL\u201d casa numero 4 se encuentran exhibidas las pinturas que se muestran dentro de esta p\u00e1gina www.pintandohonduras.es.tl y que se vinculan directamente a mi p\u00e1gina principal www.mickyandoniehn.com. La mayor\u00eda de\u2026","rel":"","context":"Entrada similar ","img":{"alt_text":"","src":"","width":0,"height":0},"classes":[]}],"_links":{"self":[{"href":"http:\/\/www.hondurasensusmanos.com\/pintandohonduras\/wp-json\/wp\/v2\/pages\/353"}],"collection":[{"href":"http:\/\/www.hondurasensusmanos.com\/pintandohonduras\/wp-json\/wp\/v2\/pages"}],"about":[{"href":"http:\/\/www.hondurasensusmanos.com\/pintandohonduras\/wp-json\/wp\/v2\/types\/page"}],"author":[{"embeddable":true,"href":"http:\/\/www.hondurasensusmanos.com\/pintandohonduras\/wp-json\/wp\/v2\/users\/1"}],"replies":[{"embeddable":true,"href":"http:\/\/www.hondurasensusmanos.com\/pintandohonduras\/wp-json\/wp\/v2\/comments?post=353"}],"version-history":[{"count":1,"href":"http:\/\/www.hondurasensusmanos.com\/pintandohonduras\/wp-json\/wp\/v2\/pages\/353\/revisions"}],"predecessor-version":[{"id":361,"href":"http:\/\/www.hondurasensusmanos.com\/pintandohonduras\/wp-json\/wp\/v2\/pages\/353\/revisions\/361"}],"wp:attachment":[{"href":"http:\/\/www.hondurasensusmanos.com\/pintandohonduras\/wp-json\/wp\/v2\/media?parent=353"}],"curies":[{"name":"wp","href":"https:\/\/api.w.org\/{rel}","templated":true}]}}