{"id":129,"date":"2021-05-25T22:08:21","date_gmt":"2021-05-25T22:08:21","guid":{"rendered":"http:\/\/www.hondurasensusmanos.com\/pintandohonduras\/?page_id=129"},"modified":"2021-06-22T05:15:44","modified_gmt":"2021-06-22T05:15:44","slug":"valentin-rodriguez","status":"publish","type":"page","link":"https:\/\/www.hondurasensusmanos.com\/pintandohonduras\/valentin-rodriguez\/","title":{"rendered":"Valentin Rodriguez"},"content":{"rendered":"\n<figure class=\"wp-block-gallery columns-3 is-cropped wp-block-gallery-1 is-layout-flex wp-block-gallery-is-layout-flex\"><ul class=\"blocks-gallery-grid\"><li class=\"blocks-gallery-item\"><figure><img loading=\"lazy\" decoding=\"async\" width=\"462\" height=\"564\" src=\"https:\/\/i0.wp.com\/www.hondurasensusmanos.com\/pintandohonduras\/wp-content\/uploads\/2021\/06\/ancianaepaera.jpg?resize=462%2C564\" alt=\"\" data-id=\"291\" data-full-url=\"https:\/\/i0.wp.com\/www.hondurasensusmanos.com\/pintandohonduras\/wp-content\/uploads\/2021\/06\/ancianaepaera.jpg?resize=462%2C564\" data-link=\"http:\/\/www.hondurasensusmanos.com\/pintandohonduras\/valentin-rodriguez\/ancianaepaera\/\" class=\"wp-image-291\" srcset=\"https:\/\/i0.wp.com\/www.hondurasensusmanos.com\/pintandohonduras\/wp-content\/uploads\/2021\/06\/ancianaepaera.jpg?w=462&amp;ssl=1 462w, https:\/\/i0.wp.com\/www.hondurasensusmanos.com\/pintandohonduras\/wp-content\/uploads\/2021\/06\/ancianaepaera.jpg?resize=246%2C300&amp;ssl=1 246w\" sizes=\"(max-width: 462px) 100vw, 462px\" data-recalc-dims=\"1\" \/><\/figure><\/li><li class=\"blocks-gallery-item\"><figure><img loading=\"lazy\" decoding=\"async\" width=\"462\" height=\"582\" src=\"https:\/\/i0.wp.com\/www.hondurasensusmanos.com\/pintandohonduras\/wp-content\/uploads\/2021\/06\/campesina.jpg?resize=462%2C582\" alt=\"\" data-id=\"292\" data-full-url=\"https:\/\/i0.wp.com\/www.hondurasensusmanos.com\/pintandohonduras\/wp-content\/uploads\/2021\/06\/campesina.jpg?resize=462%2C582\" data-link=\"http:\/\/www.hondurasensusmanos.com\/pintandohonduras\/valentin-rodriguez\/campesina\/\" class=\"wp-image-292\" srcset=\"https:\/\/i0.wp.com\/www.hondurasensusmanos.com\/pintandohonduras\/wp-content\/uploads\/2021\/06\/campesina.jpg?w=462&amp;ssl=1 462w, https:\/\/i0.wp.com\/www.hondurasensusmanos.com\/pintandohonduras\/wp-content\/uploads\/2021\/06\/campesina.jpg?resize=238%2C300&amp;ssl=1 238w\" sizes=\"(max-width: 462px) 100vw, 462px\" data-recalc-dims=\"1\" \/><\/figure><\/li><li class=\"blocks-gallery-item\"><figure><img loading=\"lazy\" decoding=\"async\" width=\"462\" height=\"565\" src=\"https:\/\/i0.wp.com\/www.hondurasensusmanos.com\/pintandohonduras\/wp-content\/uploads\/2021\/06\/iejaepaera.jpg?resize=462%2C565\" alt=\"\" data-id=\"293\" data-full-url=\"https:\/\/i0.wp.com\/www.hondurasensusmanos.com\/pintandohonduras\/wp-content\/uploads\/2021\/06\/iejaepaera.jpg?resize=462%2C565\" data-link=\"http:\/\/www.hondurasensusmanos.com\/pintandohonduras\/valentin-rodriguez\/iejaepaera\/\" class=\"wp-image-293\" srcset=\"https:\/\/i0.wp.com\/www.hondurasensusmanos.com\/pintandohonduras\/wp-content\/uploads\/2021\/06\/iejaepaera.jpg?w=462&amp;ssl=1 462w, https:\/\/i0.wp.com\/www.hondurasensusmanos.com\/pintandohonduras\/wp-content\/uploads\/2021\/06\/iejaepaera.jpg?resize=245%2C300&amp;ssl=1 245w\" sizes=\"(max-width: 462px) 100vw, 462px\" data-recalc-dims=\"1\" \/><\/figure><\/li><li class=\"blocks-gallery-item\"><figure><img loading=\"lazy\" decoding=\"async\" width=\"462\" height=\"576\" src=\"https:\/\/i0.wp.com\/www.hondurasensusmanos.com\/pintandohonduras\/wp-content\/uploads\/2021\/06\/mujerlepaera.jpg?resize=462%2C576\" alt=\"\" data-id=\"294\" data-full-url=\"https:\/\/i0.wp.com\/www.hondurasensusmanos.com\/pintandohonduras\/wp-content\/uploads\/2021\/06\/mujerlepaera.jpg?resize=462%2C576\" data-link=\"http:\/\/www.hondurasensusmanos.com\/pintandohonduras\/valentin-rodriguez\/mujerlepaera\/\" class=\"wp-image-294\" srcset=\"https:\/\/i0.wp.com\/www.hondurasensusmanos.com\/pintandohonduras\/wp-content\/uploads\/2021\/06\/mujerlepaera.jpg?w=462&amp;ssl=1 462w, https:\/\/i0.wp.com\/www.hondurasensusmanos.com\/pintandohonduras\/wp-content\/uploads\/2021\/06\/mujerlepaera.jpg?resize=241%2C300&amp;ssl=1 241w\" sizes=\"(max-width: 462px) 100vw, 462px\" data-recalc-dims=\"1\" \/><\/figure><\/li><li class=\"blocks-gallery-item\"><figure><img loading=\"lazy\" decoding=\"async\" width=\"462\" height=\"553\" src=\"https:\/\/i0.wp.com\/www.hondurasensusmanos.com\/pintandohonduras\/wp-content\/uploads\/2021\/06\/ujerpaya.jpg?resize=462%2C553\" alt=\"\" data-id=\"295\" data-full-url=\"https:\/\/i0.wp.com\/www.hondurasensusmanos.com\/pintandohonduras\/wp-content\/uploads\/2021\/06\/ujerpaya.jpg?resize=462%2C553\" data-link=\"http:\/\/www.hondurasensusmanos.com\/pintandohonduras\/valentin-rodriguez\/ujerpaya\/\" class=\"wp-image-295\" srcset=\"https:\/\/i0.wp.com\/www.hondurasensusmanos.com\/pintandohonduras\/wp-content\/uploads\/2021\/06\/ujerpaya.jpg?w=462&amp;ssl=1 462w, https:\/\/i0.wp.com\/www.hondurasensusmanos.com\/pintandohonduras\/wp-content\/uploads\/2021\/06\/ujerpaya.jpg?resize=251%2C300&amp;ssl=1 251w\" sizes=\"(max-width: 462px) 100vw, 462px\" data-recalc-dims=\"1\" \/><\/figure><\/li><\/ul><\/figure>\n","protected":false},"excerpt":{"rendered":"","protected":false},"author":1,"featured_media":0,"parent":0,"menu_order":0,"comment_status":"closed","ping_status":"closed","template":"","meta":{"footnotes":""},"class_list":["post-129","page","type-page","status-publish","hentry"],"jetpack-related-posts":[{"id":132,"url":"https:\/\/www.hondurasensusmanos.com\/pintandohonduras\/vladimir-rodriguez\/","url_meta":{"origin":129,"position":0},"title":"Vladimir Rodriguez","date":"25 mayo, 2021","format":false,"excerpt":"","rel":"","context":"Entrada similar ","img":{"alt_text":"","src":"https:\/\/i0.wp.com\/www.hondurasensusmanos.com\/pintandohonduras\/wp-content\/uploads\/2021\/06\/iglesiamarale.jpg?resize=350%2C200&ssl=1","width":350,"height":200},"classes":[]},{"id":18,"url":"https:\/\/www.hondurasensusmanos.com\/pintandohonduras\/","url_meta":{"origin":129,"position":1},"title":"Inicio","date":"25 mayo, 2021","format":false,"excerpt":"Bienvenidos a Pintando Honduras En Tela. Departamento de Atl\u00e1ntida y en nuestras oficinas ubicadas en la Residencial Porto Bello, Bloque \u201cL\u201d casa numero 4 se encuentran exhibidas las pinturas que se muestran dentro de esta p\u00e1gina www.pintandohonduras.es.tl y que se vinculan directamente a mi p\u00e1gina principal www.mickyandoniehn.com. La mayor\u00eda de\u2026","rel":"","context":"Entrada similar ","img":{"alt_text":"","src":"","width":0,"height":0},"classes":[]}],"_links":{"self":[{"href":"https:\/\/www.hondurasensusmanos.com\/pintandohonduras\/wp-json\/wp\/v2\/pages\/129"}],"collection":[{"href":"https:\/\/www.hondurasensusmanos.com\/pintandohonduras\/wp-json\/wp\/v2\/pages"}],"about":[{"href":"https:\/\/www.hondurasensusmanos.com\/pintandohonduras\/wp-json\/wp\/v2\/types\/page"}],"author":[{"embeddable":true,"href":"https:\/\/www.hondurasensusmanos.com\/pintandohonduras\/wp-json\/wp\/v2\/users\/1"}],"replies":[{"embeddable":true,"href":"https:\/\/www.hondurasensusmanos.com\/pintandohonduras\/wp-json\/wp\/v2\/comments?post=129"}],"version-history":[{"count":2,"href":"https:\/\/www.hondurasensusmanos.com\/pintandohonduras\/wp-json\/wp\/v2\/pages\/129\/revisions"}],"predecessor-version":[{"id":297,"href":"https:\/\/www.hondurasensusmanos.com\/pintandohonduras\/wp-json\/wp\/v2\/pages\/129\/revisions\/297"}],"wp:attachment":[{"href":"https:\/\/www.hondurasensusmanos.com\/pintandohonduras\/wp-json\/wp\/v2\/media?parent=129"}],"curies":[{"name":"wp","href":"https:\/\/api.w.org\/{rel}","templated":true}]}}