{"id":78,"date":"2021-05-25T21:53:20","date_gmt":"2021-05-25T21:53:20","guid":{"rendered":"http:\/\/www.hondurasensusmanos.com\/pintandohonduras\/?page_id=78"},"modified":"2021-06-07T21:02:02","modified_gmt":"2021-06-07T21:02:02","slug":"jose-antonio-oseguera","status":"publish","type":"page","link":"https:\/\/www.hondurasensusmanos.com\/pintandohonduras\/jose-antonio-oseguera\/","title":{"rendered":"Jos\u00e9 Antonio Oseguera"},"content":{"rendered":"\n<figure class=\"wp-block-gallery columns-2 is-cropped wp-block-gallery-1 is-layout-flex wp-block-gallery-is-layout-flex\"><ul class=\"blocks-gallery-grid\"><li class=\"blocks-gallery-item\"><figure><img loading=\"lazy\" decoding=\"async\" width=\"500\" height=\"461\" src=\"https:\/\/i0.wp.com\/www.hondurasensusmanos.com\/pintandohonduras\/wp-content\/uploads\/2021\/06\/iglesiatela.jpg?resize=500%2C461\" alt=\"\" data-id=\"207\" data-full-url=\"https:\/\/i0.wp.com\/www.hondurasensusmanos.com\/pintandohonduras\/wp-content\/uploads\/2021\/06\/iglesiatela.jpg?resize=500%2C461\" data-link=\"http:\/\/www.hondurasensusmanos.com\/pintandohonduras\/jose-antonio-oseguera\/iglesiatela\/\" class=\"wp-image-207\" srcset=\"https:\/\/i0.wp.com\/www.hondurasensusmanos.com\/pintandohonduras\/wp-content\/uploads\/2021\/06\/iglesiatela.jpg?w=500&amp;ssl=1 500w, https:\/\/i0.wp.com\/www.hondurasensusmanos.com\/pintandohonduras\/wp-content\/uploads\/2021\/06\/iglesiatela.jpg?resize=300%2C277&amp;ssl=1 300w\" sizes=\"(max-width: 500px) 100vw, 500px\" data-recalc-dims=\"1\" \/><\/figure><\/li><li class=\"blocks-gallery-item\"><figure><img loading=\"lazy\" decoding=\"async\" width=\"500\" height=\"451\" src=\"https:\/\/i0.wp.com\/www.hondurasensusmanos.com\/pintandohonduras\/wp-content\/uploads\/2021\/06\/muelle.jpg?resize=500%2C451\" alt=\"\" data-id=\"208\" data-full-url=\"https:\/\/i0.wp.com\/www.hondurasensusmanos.com\/pintandohonduras\/wp-content\/uploads\/2021\/06\/muelle.jpg?resize=500%2C451\" data-link=\"http:\/\/www.hondurasensusmanos.com\/pintandohonduras\/jose-antonio-oseguera\/muelle\/\" class=\"wp-image-208\" srcset=\"https:\/\/i0.wp.com\/www.hondurasensusmanos.com\/pintandohonduras\/wp-content\/uploads\/2021\/06\/muelle.jpg?w=500&amp;ssl=1 500w, https:\/\/i0.wp.com\/www.hondurasensusmanos.com\/pintandohonduras\/wp-content\/uploads\/2021\/06\/muelle.jpg?resize=300%2C271&amp;ssl=1 300w\" sizes=\"(max-width: 500px) 100vw, 500px\" data-recalc-dims=\"1\" \/><\/figure><\/li><\/ul><\/figure>\n","protected":false},"excerpt":{"rendered":"","protected":false},"author":1,"featured_media":0,"parent":0,"menu_order":0,"comment_status":"closed","ping_status":"closed","template":"","meta":{"footnotes":""},"class_list":["post-78","page","type-page","status-publish","hentry"],"jetpack-related-posts":[{"id":81,"url":"https:\/\/www.hondurasensusmanos.com\/pintandohonduras\/jose-galileo-medrano\/","url_meta":{"origin":78,"position":0},"title":"Jos\u00e9 Galileo Medrano","date":"25 mayo, 2021","format":false,"excerpt":"","rel":"","context":"Entrada similar ","img":{"alt_text":"","src":"https:\/\/i0.wp.com\/www.hondurasensusmanos.com\/pintandohonduras\/wp-content\/uploads\/2021\/06\/vaca.jpg?resize=350%2C200&ssl=1","width":350,"height":200},"classes":[]},{"id":2,"url":"https:\/\/www.hondurasensusmanos.com\/pintandohonduras\/pagina-ejemplo\/","url_meta":{"origin":78,"position":1},"title":"P\u00e1gina de ejemplo","date":"25 mayo, 2021","format":false,"excerpt":"Esta es una p\u00e1gina de ejemplo. Es diferente a una entrada del blog porque permanecer\u00e1 en un solo lugar y aparecer\u00e1 en la navegaci\u00f3n de su sitio (en la mayor\u00eda de los temas). La mayor\u00eda de las personas comienzan con una p\u00e1gina \"Acerca de\" que les presenta a los visitantes\u2026","rel":"","context":"Entrada similar ","img":{"alt_text":"","src":"","width":0,"height":0},"classes":[]}],"_links":{"self":[{"href":"https:\/\/www.hondurasensusmanos.com\/pintandohonduras\/wp-json\/wp\/v2\/pages\/78"}],"collection":[{"href":"https:\/\/www.hondurasensusmanos.com\/pintandohonduras\/wp-json\/wp\/v2\/pages"}],"about":[{"href":"https:\/\/www.hondurasensusmanos.com\/pintandohonduras\/wp-json\/wp\/v2\/types\/page"}],"author":[{"embeddable":true,"href":"https:\/\/www.hondurasensusmanos.com\/pintandohonduras\/wp-json\/wp\/v2\/users\/1"}],"replies":[{"embeddable":true,"href":"https:\/\/www.hondurasensusmanos.com\/pintandohonduras\/wp-json\/wp\/v2\/comments?post=78"}],"version-history":[{"count":2,"href":"https:\/\/www.hondurasensusmanos.com\/pintandohonduras\/wp-json\/wp\/v2\/pages\/78\/revisions"}],"predecessor-version":[{"id":209,"href":"https:\/\/www.hondurasensusmanos.com\/pintandohonduras\/wp-json\/wp\/v2\/pages\/78\/revisions\/209"}],"wp:attachment":[{"href":"https:\/\/www.hondurasensusmanos.com\/pintandohonduras\/wp-json\/wp\/v2\/media?parent=78"}],"curies":[{"name":"wp","href":"https:\/\/api.w.org\/{rel}","templated":true}]}}