{"id":552,"date":"2016-05-04T03:19:14","date_gmt":"2016-05-04T03:19:14","guid":{"rendered":"http:\/\/www.paquitashn.com\/hm2016\/?page_id=552"},"modified":"2016-10-18T17:37:53","modified_gmt":"2016-10-18T17:37:53","slug":"0416-san-jeronimo","status":"publish","type":"page","link":"https:\/\/www.hondurasensusmanos.com\/turismo\/0416-san-jeronimo\/","title":{"rendered":"0416 San Jer\u00f3nimo"},"content":{"rendered":"<table style=\"width: 619px;\">\n<tbody>\n<tr>\n<td style=\"width: 37px;\">\n<h4><strong>D\u00cdA<\/strong><\/h4>\n<\/td>\n<td style=\"width: 66px;\">\n<h4><strong>MES<\/strong><\/h4>\n<\/td>\n<td style=\"width: 119px;\">\n<h4><strong>MUNICIPIO<\/strong><\/h4>\n<\/td>\n<td style=\"width: 377px;\">\n<h4><strong>FESTIVIDAD<\/strong><\/h4>\n<\/td>\n<\/tr>\n<tr>\n<td style=\"width: 37px;\"><strong>24<\/strong><\/td>\n<td style=\"width: 66px;\"><strong>Febrero<\/strong><\/td>\n<td style=\"width: 119px;\"><strong>San Jer\u00f3nimo<\/strong><\/td>\n<td style=\"width: 377px;\"><strong>Feria en Honor al Santo Patr\u00f3n San Jer\u00f3nimo<\/strong><\/td>\n<\/tr>\n<tr>\n<td style=\"width: 37px;\"><strong>25<\/strong><\/td>\n<td style=\"width: 66px;\"><strong>Abril<\/strong><\/td>\n<td style=\"width: 119px;\"><strong>San Jer\u00f3nimo<\/strong><\/td>\n<td style=\"width: 377px;\"><strong>Feria en Honor al Santo Patrono San Marcos<\/strong><\/td>\n<\/tr>\n<\/tbody>\n<\/table>\n<div class=\"sharedaddy sd-sharing-enabled\"><div class=\"robots-nocontent sd-block sd-social sd-social-icon sd-sharing\"><h3 class=\"sd-title\">Comparte esto:<\/h3><div class=\"sd-content\"><ul><li class=\"share-facebook\"><a rel=\"nofollow noopener noreferrer\" data-shared=\"sharing-facebook-552\" class=\"share-facebook sd-button share-icon no-text\" href=\"https:\/\/www.hondurasensusmanos.com\/turismo\/0416-san-jeronimo\/?share=facebook\" target=\"_blank\" title=\"Haz clic para compartir en Facebook\"><span><\/span><span class=\"sharing-screen-reader-text\">Haz clic para compartir en Facebook (Se abre en una ventana nueva)<\/span><\/a><\/li><li class=\"share-jetpack-whatsapp\"><a rel=\"nofollow noopener noreferrer\" data-shared=\"\" class=\"share-jetpack-whatsapp sd-button share-icon no-text\" href=\"https:\/\/www.hondurasensusmanos.com\/turismo\/0416-san-jeronimo\/?share=jetpack-whatsapp\" target=\"_blank\" title=\"Haz clic para compartir en WhatsApp\"><span><\/span><span class=\"sharing-screen-reader-text\">Haz clic para compartir en WhatsApp (Se abre en una ventana nueva)<\/span><\/a><\/li><li class=\"share-twitter\"><a rel=\"nofollow noopener noreferrer\" data-shared=\"sharing-twitter-552\" class=\"share-twitter sd-button share-icon no-text\" href=\"https:\/\/www.hondurasensusmanos.com\/turismo\/0416-san-jeronimo\/?share=twitter\" target=\"_blank\" title=\"Haz clic para compartir en Twitter\"><span><\/span><span class=\"sharing-screen-reader-text\">Haz clic para compartir en Twitter (Se abre en una ventana nueva)<\/span><\/a><\/li><li class=\"share-tumblr\"><a rel=\"nofollow noopener noreferrer\" data-shared=\"\" class=\"share-tumblr sd-button share-icon no-text\" href=\"https:\/\/www.hondurasensusmanos.com\/turismo\/0416-san-jeronimo\/?share=tumblr\" target=\"_blank\" title=\"Haz clic para compartir en Tumblr\"><span><\/span><span class=\"sharing-screen-reader-text\">Haz clic para compartir en Tumblr (Se abre en una ventana nueva)<\/span><\/a><\/li><li class=\"share-email\"><a rel=\"nofollow noopener noreferrer\" data-shared=\"\" class=\"share-email sd-button share-icon no-text\" href=\"https:\/\/www.hondurasensusmanos.com\/turismo\/0416-san-jeronimo\/?share=email\" target=\"_blank\" title=\"Haz clic para enviar por correo electr\u00f3nico a un amigo\"><span><\/span><span class=\"sharing-screen-reader-text\">Haz clic para enviar por correo electr\u00f3nico a un amigo (Se abre en una ventana nueva)<\/span><\/a><\/li><li class=\"share-end\"><\/li><\/ul><\/div><\/div><\/div>","protected":false},"excerpt":{"rendered":"<p>D\u00cdA MES MUNICIPIO FESTIVIDAD 24 Febrero San Jer\u00f3nimo Feria en Honor al Santo Patr\u00f3n San Jer\u00f3nimo 25 Abril San Jer\u00f3nimo Feria en Honor al Santo Patrono San Marcos<\/p>\n<div class=\"sharedaddy sd-sharing-enabled\"><div class=\"robots-nocontent sd-block sd-social sd-social-icon sd-sharing\"><h3 class=\"sd-title\">Comparte esto:<\/h3><div class=\"sd-content\"><ul><li class=\"share-facebook\"><a rel=\"nofollow noopener noreferrer\" data-shared=\"sharing-facebook-552\" class=\"share-facebook sd-button share-icon no-text\" href=\"https:\/\/www.hondurasensusmanos.com\/turismo\/0416-san-jeronimo\/?share=facebook\" target=\"_blank\" title=\"Haz clic para compartir en Facebook\"><span><\/span><span class=\"sharing-screen-reader-text\">Haz clic para compartir en Facebook (Se abre en una ventana nueva)<\/span><\/a><\/li><li class=\"share-jetpack-whatsapp\"><a rel=\"nofollow noopener noreferrer\" data-shared=\"\" class=\"share-jetpack-whatsapp sd-button share-icon no-text\" href=\"https:\/\/www.hondurasensusmanos.com\/turismo\/0416-san-jeronimo\/?share=jetpack-whatsapp\" target=\"_blank\" title=\"Haz clic para compartir en WhatsApp\"><span><\/span><span class=\"sharing-screen-reader-text\">Haz clic para compartir en WhatsApp (Se abre en una ventana nueva)<\/span><\/a><\/li><li class=\"share-twitter\"><a rel=\"nofollow noopener noreferrer\" data-shared=\"sharing-twitter-552\" class=\"share-twitter sd-button share-icon no-text\" href=\"https:\/\/www.hondurasensusmanos.com\/turismo\/0416-san-jeronimo\/?share=twitter\" target=\"_blank\" title=\"Haz clic para compartir en Twitter\"><span><\/span><span class=\"sharing-screen-reader-text\">Haz clic para compartir en Twitter (Se abre en una ventana nueva)<\/span><\/a><\/li><li class=\"share-tumblr\"><a rel=\"nofollow noopener noreferrer\" data-shared=\"\" class=\"share-tumblr sd-button share-icon no-text\" href=\"https:\/\/www.hondurasensusmanos.com\/turismo\/0416-san-jeronimo\/?share=tumblr\" target=\"_blank\" title=\"Haz clic para compartir en Tumblr\"><span><\/span><span class=\"sharing-screen-reader-text\">Haz clic para compartir en Tumblr (Se abre en una ventana nueva)<\/span><\/a><\/li><li class=\"share-email\"><a rel=\"nofollow noopener noreferrer\" data-shared=\"\" class=\"share-email sd-button share-icon no-text\" href=\"https:\/\/www.hondurasensusmanos.com\/turismo\/0416-san-jeronimo\/?share=email\" target=\"_blank\" title=\"Haz clic para enviar por correo electr\u00f3nico a un amigo\"><span><\/span><span class=\"sharing-screen-reader-text\">Haz clic para enviar por correo electr\u00f3nico a un amigo (Se abre en una ventana nueva)<\/span><\/a><\/li><li class=\"share-end\"><\/li><\/ul><\/div><\/div><\/div>","protected":false},"author":1,"featured_media":0,"parent":0,"menu_order":0,"comment_status":"closed","ping_status":"closed","template":"","meta":{"spay_email":""},"jetpack_sharing_enabled":true,"jetpack_shortlink":"https:\/\/wp.me\/P8AciD-8U","_links":{"self":[{"href":"https:\/\/www.hondurasensusmanos.com\/turismo\/wp-json\/wp\/v2\/pages\/552"}],"collection":[{"href":"https:\/\/www.hondurasensusmanos.com\/turismo\/wp-json\/wp\/v2\/pages"}],"about":[{"href":"https:\/\/www.hondurasensusmanos.com\/turismo\/wp-json\/wp\/v2\/types\/page"}],"author":[{"embeddable":true,"href":"https:\/\/www.hondurasensusmanos.com\/turismo\/wp-json\/wp\/v2\/users\/1"}],"replies":[{"embeddable":true,"href":"https:\/\/www.hondurasensusmanos.com\/turismo\/wp-json\/wp\/v2\/comments?post=552"}],"version-history":[{"count":0,"href":"https:\/\/www.hondurasensusmanos.com\/turismo\/wp-json\/wp\/v2\/pages\/552\/revisions"}],"wp:attachment":[{"href":"https:\/\/www.hondurasensusmanos.com\/turismo\/wp-json\/wp\/v2\/media?parent=552"}],"curies":[{"name":"wp","href":"https:\/\/api.w.org\/{rel}","templated":true}]}}